{"id":6705,"date":"2026-01-16T12:41:45","date_gmt":"2026-01-16T11:41:45","guid":{"rendered":"https:\/\/kueen.se\/stores-and-resellers\/"},"modified":"2026-01-16T12:41:46","modified_gmt":"2026-01-16T11:41:46","slug":"stores-and-resellers","status":"publish","type":"page","link":"https:\/\/kueen.se\/en\/stores-and-resellers\/","title":{"rendered":"Stores and resellers"},"content":{"rendered":"<div class=\"wp-block-image is-style-default\">\n<figure class=\"aligncenter size-large\"><a href=\"https:\/\/kueen.se\/wp-content\/uploads\/2024\/06\/Kueen_Studio_Showroom_Valkommen-840x1024.jpg\"><img loading=\"lazy\" decoding=\"async\" width=\"840\" height=\"1024\" src=\"https:\/\/kueen.se\/wp-content\/uploads\/2024\/06\/Kueen_Studio_Showroom_Valkommen-840x1024.jpg\" alt=\"\" class=\"wp-image-5384\" srcset=\"https:\/\/kueen.se\/wp-content\/uploads\/2024\/06\/Kueen_Studio_Showroom_Valkommen-840x1024.jpg 840w, https:\/\/kueen.se\/wp-content\/uploads\/2024\/06\/Kueen_Studio_Showroom_Valkommen-246x300.jpg 246w, https:\/\/kueen.se\/wp-content\/uploads\/2024\/06\/Kueen_Studio_Showroom_Valkommen-768x937.jpg 768w, https:\/\/kueen.se\/wp-content\/uploads\/2024\/06\/Kueen_Studio_Showroom_Valkommen-1260x1536.jpg 1260w, https:\/\/kueen.se\/wp-content\/uploads\/2024\/06\/Kueen_Studio_Showroom_Valkommen-653x796.jpg 653w, https:\/\/kueen.se\/wp-content\/uploads\/2024\/06\/Kueen_Studio_Showroom_Valkommen-263x321.jpg 263w, https:\/\/kueen.se\/wp-content\/uploads\/2024\/06\/Kueen_Studio_Showroom_Valkommen.jpg 1440w\" sizes=\"(max-width: 840px) 100vw, 840px\" \/><\/a><\/figure>\n<\/div><p><\/p>\n<h3 style=\"text-align: center;\"><span style=\"color: #333333;\"><a style=\"color: #333333;\" href=\"https:\/\/www.google.com\/maps\/place\/Kueen+Showroom+%26+Studio\/@58.5031597,13.1554311,15z\/data=!4m6!3m5!1s0x465b2945158cdf45:0xb251a2af9603ee55!8m2!3d58.5031597!4d13.1554311!16s%2Fg%2F11y4yflbx0?entry=ttu\"><strong>KUEEN SHOWROOM &amp; STUDIO <\/strong><\/a><\/span><\/h3>\n<p><\/p>\n<p style=\"text-align: center;\"><span style=\"color: #333333;\"><a style=\"color: #333333;\" href=\"https:\/\/www.google.com\/maps\/place\/Kueen+Showroom+%26+Studio\/@58.5031597,13.1554311,15z\/data=!4m6!3m5!1s0x465b2945158cdf45:0xb251a2af9603ee55!8m2!3d58.5031597!4d13.1554311!16s%2Fg%2F11y4yflbx0?entry=ttu\">S\u00e4rnmarksgatan 21, LIDK\u00d6PING<\/a><\/span><\/p>\n<p><\/p>\n<p style=\"text-align: center;\"><span style=\"color: #333333;\">\u00d6ppettider<\/span><\/p>\n<p><\/p>\n<p style=\"text-align: center;\"><span style=\"color: #333333;\">M\u00e5n 10-18<\/span><\/p>\n<p><\/p>\n<p style=\"text-align: center;\"><span style=\"color: #333333;\">Ons 10-18<\/span><\/p>\n<p><\/p>\n<p style=\"text-align: center;\"><span style=\"color: #333333;\">Fre 11-18<\/span><\/p>\n<p><\/p>\n<p style=\"text-align: center;\"><span style=\"color: #333333;\">L\u00f6r 11-14<\/span><\/p>\n<p><\/p>\n<p style=\"text-align: center;\"><span style=\"color: #333333;\">\u00d6ppettider kan variera, f\u00f6r att vara s\u00e4ker eller vid bokning ring 0734-335658<\/span><\/p>\n<p><\/p>\n<hr \/>\n<p><\/p>\n<p style=\"text-align: center;\"><span style=\"color: #333333;\"><strong>BUTIKER SOM OCKS\u00c5 S\u00c4LJER KUEEN:<\/strong><\/span><\/p>\n<p><\/p>\n<p style=\"text-align: center;\"><span style=\"color: #333333;\"><strong>STOCKHOLM<\/strong><\/span><\/p>\n<p><\/p>\n<p style=\"text-align: center;\"><span style=\"color: #333333;\"><a style=\"color: #333333;\" href=\"https:\/\/www.instagram.com\/entropiastockholm\/\">ENTROPIA STOCKHOLM<\/a>, \u00d6sterl\u00e5nggatan 10 Gamla stan<\/span><\/p>\n<p><\/p>\n<p style=\"text-align: center;\"><span style=\"color: #333333;\"><a style=\"color: #333333;\" href=\"https:\/\/www.lyxx.nu\">LYXX,<\/a> M\u00f6rby centrum<\/span><\/p>\n<p><\/p>\n<hr \/>\n<p><\/p>\n<p style=\"text-align: center;\"><span style=\"color: #333333;\"><strong>G\u00d6TEBORG<\/strong><\/span><\/p>\n<p><\/p>\n<p style=\"text-align: center;\"><span style=\"color: #333333;\"><a style=\"color: #333333;\" href=\"http:\/\/www.united-fashion.se\">UNITED FASHION<\/a>, Torggatan 17<\/span><\/p>\n<p><\/p>\n<hr \/>\n<p><\/p>\n<p style=\"text-align: center;\"><span style=\"color: #333333;\"><strong>VARBERG<\/strong><\/span><\/p>\n<p><\/p>\n<p style=\"text-align: center;\"><span style=\"color: #333333;\"><a style=\"color: #333333;\" title=\"Marina varberg\" href=\"http:\/\/marinavarberg.se\" target=\"_blank\" rel=\"noopener noreferrer\">MARINA<\/a>, Drottninggatan 17<\/span><\/p>\n<p><\/p>\n<hr \/>\n<p><\/p>\n<p style=\"text-align: center;\"><span style=\"color: #333333;\"><strong>SK\u00c4RHAMN<\/strong><\/span><\/p>\n<p><\/p>\n<p style=\"text-align: center;\"><span style=\"color: #333333;\"><a style=\"color: #333333;\" href=\"http:\/\/www.bobehaget.se\">BOBEHAGET<\/a>, Strandv\u00e4gen 1<\/span><\/p>\n<p><\/p>\n<hr \/>\n<p><\/p>\n<p style=\"text-align: center;\"><span style=\"color: #333333;\"><strong>BOR\u00c5S<\/strong><\/span><\/p>\n<p><\/p>\n<p style=\"text-align: center;\"><span style=\"color: #333333;\"><a style=\"color: #333333;\" href=\"http:\/\/textilmuseet.se\">TEXTIL MUSE\u00c9T<\/a>,\u00a0Textile Fashion Center,\u00a0Skaraborgsv\u00e4gen 3 A<\/span><\/p>\n<p><\/p>\n<hr \/>\n<p><\/p>\n<p style=\"text-align: center;\"><span style=\"color: #333333;\"><strong>BORGHOLM<\/strong><\/span><\/p>\n<p><\/p>\n<p style=\"text-align: center;\"><span style=\"color: #333333;\"><a style=\"color: #333333;\" href=\"http:\/\/www.vidamuseum.com\">VIDA MUSEUM<\/a>, Halltorp Landsv\u00e4gen<\/span><\/p>\n<p><\/p>\n<hr \/>\n<p><\/p>\n<p style=\"text-align: center;\"><span style=\"color: #333333;\"><strong>MALM\u00d6<\/strong><\/span><\/p>\n<p><\/p>\n<p style=\"text-align: center;\"><span style=\"color: #333333;\"><a style=\"color: #333333;\" href=\"http:\/\/www.olsenmode.se\">L OLS\u00c9NS MODE<\/a>, S\u00f6dergatan 21<\/span><\/p>\n<p><\/p>\n<hr \/>\n<p><\/p>\n<p style=\"text-align: center;\"><span style=\"color: #333333;\"><strong style=\"font-size: revert;\">HELSINGBORG<\/strong><\/span><\/p>\n<p><\/p>\n<p style=\"text-align: center;\"><span style=\"color: #333333;\"><a style=\"color: #333333;\" href=\"http:\/\/www.olsenmode.se\">L OLS\u00c9NS MODE<\/a>, Kullagatan 27<\/span><\/p>\n<p><\/p>\n<hr \/>\n<p><\/p>\n<p style=\"text-align: center;\"><span style=\"color: #333333;\"><strong>H\u00d6LLVIKEN<\/strong><\/span><\/p>\n<p><\/p>\n<p style=\"text-align: center;\"><span style=\"color: #333333;\"><a style=\"color: #333333;\" href=\"https:\/\/www.instagram.com\/tinacottagerose\/?hl=sv\">COTTAGE ROSE<\/a>,\u00a0Falsterbov\u00e4gen 62<\/span><\/p>\n<p><\/p>\n<hr \/>\n<p><\/p>\n<p style=\"text-align: center;\"><span style=\"color: #333333;\"><strong>GRYTHYTTAN<\/strong><\/span><\/p>\n<p><\/p>\n<p style=\"text-align: center;\"><span style=\"color: #333333;\"><a style=\"color: #333333;\" href=\"http:\/\/www.lokabrunn.se\" target=\"_blank\" rel=\"noopener noreferrer\">LOKA BRUNN<\/a>, 712 94 Grythyttan<\/span><\/p>\n<p><\/p>\n<hr \/>\n<p><\/p>\n<p style=\"text-align: center;\"><span style=\"font-weight: 600; font-size: revert; color: #333333;\">\u00a0VARA<\/span><\/p>\n<p><\/p>\n<p style=\"text-align: center;\"><span style=\"color: #333333;\"><a style=\"color: #333333;\" href=\"https:\/\/keepco.se\">KEEP CO<\/a>, Torggatan 5<\/span><\/p>\n<p><\/p>\n<hr \/>\n<p><\/p>\n<p style=\"text-align: center;\"><span style=\"color: #333333;\"><strong>IRELAND<\/strong><\/span><\/p>\n<p><\/p>\n<p style=\"text-align: center;\"><span style=\"color: #333333;\"><a style=\"color: #333333;\" href=\"https:\/\/www.nationalgallery.ie\">NATIONAL GALLERY OF IRELAND,<\/a> Merrion Square West,\u00a0Dublin 2, Ireland<\/span><\/p>\n<p><\/p>\n<hr \/>\n<p><\/p>\n<p style=\"text-align: center;\"><span style=\"color: #333333;\"><strong>NORWAY<\/strong><\/span><\/p>\n<p><\/p>\n<p style=\"text-align: center;\"><span style=\"color: #333333;\"><a style=\"color: #333333;\" href=\"http:\/\/www.reinhekla.no\">REINHEKLA<\/a>, Fannremsg\u00e5rden Fannrem<\/span><\/p>\n<p><\/p>\n<hr \/>\n<p><\/p>\n<p style=\"text-align: center;\"><span style=\"color: #333333;\"><strong>DENMARK<\/strong><\/span><\/p>\n<p><\/p>\n<p style=\"text-align: center;\"><span style=\"color: #333333;\"><a style=\"color: #333333;\" href=\"https:\/\/melangedeluxe.dk\">MELANGE DE LUXE<\/a>, Ravnsborggade 6, N\u00f8rrebro Copenhagen<\/span><\/p>\n<p><\/p>\n<p style=\"text-align: center;\"><span style=\"color: #333333;\"><a style=\"color: #333333;\" href=\"https:\/\/taste-ry.dk\">TASTE,<\/a>\u00a0Skanderborgvej 8,\u00a0Ry<\/span><\/p>\n<p><\/p>\n<p style=\"text-align: center;\"><span style=\"color: #333333;\"><a style=\"color: #333333;\" href=\"https:\/\/www.instagram.com\/quistcph\/\">QUIST<\/a>, J\u00e6gersborg Alle 27, Copenhagen<\/span><\/p>\n<p><\/p>\n<p style=\"text-align: center;\"><span style=\"color: #333333;\"><a style=\"color: #333333;\" href=\"https:\/\/www.instagram.com\/pandora_pernillephilip\/\">PANDORA by Pernille Philip<\/a>,\u00a0Strandvejen 110, Hellerup<\/span><\/p>\n<p><\/p>\n<p style=\"text-align: center;\"><span style=\"color: #333333;\"><a style=\"color: #333333;\" href=\"https:\/\/www.instagram.com\/fijosa\/?hl=sv\">FIJOSA,<\/a>\u00a0 \u00d8stergade 7 Kolding<\/span><\/p>\n<p><\/p>\n<p style=\"text-align: center;\"><span style=\"color: #333333;\"><a style=\"color: #333333;\" href=\"https:\/\/www.instagram.com\/askepotsko\/\">ASKEPOT<\/a>,\u00a0Skt. Gertrudsstr\u00e6de 3, Odense<\/span><\/p>\n<p><\/p>\n<p style=\"text-align: center;\"><span style=\"color: #333333;\"><a style=\"color: #333333;\" href=\"https:\/\/www.instagram.com\/estyledk\/\">ESTYLE.DK<\/a><\/span><\/p>\n","protected":false},"excerpt":{"rendered":"<p>KUEEN SHOWROOM &amp; STUDIO S\u00e4rnmarksgatan 21, LIDK\u00d6PING \u00d6ppettider M\u00e5n 10-18 Ons 10-18 Fre 11-18 L\u00f6r 11-14 \u00d6ppettider kan variera, f\u00f6r att vara s\u00e4ker eller vid bokning ring 0734-335658 BUTIKER SOM OCKS\u00c5 S\u00c4LJER KUEEN: STOCKHOLM ENTROPIA STOCKHOLM, \u00d6sterl\u00e5nggatan 10 Gamla stan LYXX, M\u00f6rby centrum G\u00d6TEBORG UNITED FASHION, Torggatan 17 VARBERG MARINA, Drottninggatan 17 SK\u00c4RHAMN BOBEHAGET, Strandv\u00e4gen&#8230;<\/p>\n","protected":false},"author":3,"featured_media":1402,"parent":0,"menu_order":0,"comment_status":"closed","ping_status":"closed","template":"","meta":{"_acf_changed":false,"footnotes":""},"class_list":["post-6705","page","type-page","status-publish","has-post-thumbnail","hentry"],"acf":[],"yoast_head":"<!-- This site is optimized with the Yoast SEO plugin v27.2 - https:\/\/yoast.com\/product\/yoast-seo-wordpress\/ -->\n<title>Stores where you can find Kueen.<\/title>\n<meta name=\"description\" content=\"Stores where you can find Kueen, Stockholm, Gothenburg, Malm\u00f6, Helsingborg, Falkenberg, Norrk\u00f6ping, Lidk\u00f6ping, Trelleborg. Norway- Fanrem, Flisa.\" \/>\n<meta name=\"robots\" content=\"index, follow, max-snippet:-1, max-image-preview:large, max-video-preview:-1\" \/>\n<link rel=\"canonical\" href=\"https:\/\/kueen.se\/en\/stores-and-resellers\/\" \/>\n<meta property=\"og:locale\" content=\"en_US\" \/>\n<meta property=\"og:type\" content=\"article\" \/>\n<meta property=\"og:title\" content=\"Stores where you can find Kueen.\" \/>\n<meta property=\"og:description\" content=\"Stores where you can find Kueen, Stockholm, Gothenburg, Malm\u00f6, Helsingborg, Falkenberg, Norrk\u00f6ping, Lidk\u00f6ping, Trelleborg. Norway- Fanrem, Flisa.\" \/>\n<meta property=\"og:url\" content=\"https:\/\/kueen.se\/en\/stores-and-resellers\/\" \/>\n<meta property=\"og:site_name\" content=\"Kueen.\" \/>\n<meta property=\"article:modified_time\" content=\"2026-01-16T11:41:46+00:00\" \/>\n<meta property=\"og:image\" content=\"https:\/\/kueen.se\/wp-content\/uploads\/2014\/08\/Sanmarco2.jpg\" \/>\n\t<meta property=\"og:image:width\" content=\"2560\" \/>\n\t<meta property=\"og:image:height\" content=\"2560\" \/>\n\t<meta property=\"og:image:type\" content=\"image\/jpeg\" \/>\n<meta name=\"twitter:card\" content=\"summary_large_image\" \/>\n<meta name=\"twitter:label1\" content=\"Est. reading time\" \/>\n\t<meta name=\"twitter:data1\" content=\"1 minute\" \/>\n<script type=\"application\/ld+json\" class=\"yoast-schema-graph\">{\"@context\":\"https:\/\/schema.org\",\"@graph\":[{\"@type\":\"WebPage\",\"@id\":\"https:\/\/kueen.se\/en\/stores-and-resellers\/\",\"url\":\"https:\/\/kueen.se\/en\/stores-and-resellers\/\",\"name\":\"Stores where you can find Kueen.\",\"isPartOf\":{\"@id\":\"https:\/\/kueen.se\/#website\"},\"primaryImageOfPage\":{\"@id\":\"https:\/\/kueen.se\/en\/stores-and-resellers\/#primaryimage\"},\"image\":{\"@id\":\"https:\/\/kueen.se\/en\/stores-and-resellers\/#primaryimage\"},\"thumbnailUrl\":\"https:\/\/kueen.se\/wp-content\/uploads\/2014\/08\/Sanmarco2.jpg\",\"datePublished\":\"2026-01-16T11:41:45+00:00\",\"dateModified\":\"2026-01-16T11:41:46+00:00\",\"description\":\"Stores where you can find Kueen, Stockholm, Gothenburg, Malm\u00f6, Helsingborg, Falkenberg, Norrk\u00f6ping, Lidk\u00f6ping, Trelleborg. Norway- Fanrem, Flisa.\",\"breadcrumb\":{\"@id\":\"https:\/\/kueen.se\/en\/stores-and-resellers\/#breadcrumb\"},\"inLanguage\":\"en-US\",\"potentialAction\":[{\"@type\":\"ReadAction\",\"target\":[\"https:\/\/kueen.se\/en\/stores-and-resellers\/\"]}]},{\"@type\":\"ImageObject\",\"inLanguage\":\"en-US\",\"@id\":\"https:\/\/kueen.se\/en\/stores-and-resellers\/#primaryimage\",\"url\":\"https:\/\/kueen.se\/wp-content\/uploads\/2014\/08\/Sanmarco2.jpg\",\"contentUrl\":\"https:\/\/kueen.se\/wp-content\/uploads\/2014\/08\/Sanmarco2.jpg\",\"width\":2560,\"height\":2560,\"caption\":\"Scarf San Marco i siden\"},{\"@type\":\"BreadcrumbList\",\"@id\":\"https:\/\/kueen.se\/en\/stores-and-resellers\/#breadcrumb\",\"itemListElement\":[{\"@type\":\"ListItem\",\"position\":1,\"name\":\"Hem\",\"item\":\"https:\/\/kueen.se\/\"},{\"@type\":\"ListItem\",\"position\":2,\"name\":\"Stores and resellers\"}]},{\"@type\":\"WebSite\",\"@id\":\"https:\/\/kueen.se\/#website\",\"url\":\"https:\/\/kueen.se\/\",\"name\":\"Kueen.\",\"description\":\"Be a Kueen\",\"potentialAction\":[{\"@type\":\"SearchAction\",\"target\":{\"@type\":\"EntryPoint\",\"urlTemplate\":\"https:\/\/kueen.se\/?s={search_term_string}\"},\"query-input\":{\"@type\":\"PropertyValueSpecification\",\"valueRequired\":true,\"valueName\":\"search_term_string\"}}],\"inLanguage\":\"en-US\"}]}<\/script>\n<!-- \/ Yoast SEO plugin. -->","yoast_head_json":{"title":"Stores where you can find Kueen.","description":"Stores where you can find Kueen, Stockholm, Gothenburg, Malm\u00f6, Helsingborg, Falkenberg, Norrk\u00f6ping, Lidk\u00f6ping, Trelleborg. Norway- Fanrem, Flisa.","robots":{"index":"index","follow":"follow","max-snippet":"max-snippet:-1","max-image-preview":"max-image-preview:large","max-video-preview":"max-video-preview:-1"},"canonical":"https:\/\/kueen.se\/en\/stores-and-resellers\/","og_locale":"en_US","og_type":"article","og_title":"Stores where you can find Kueen.","og_description":"Stores where you can find Kueen, Stockholm, Gothenburg, Malm\u00f6, Helsingborg, Falkenberg, Norrk\u00f6ping, Lidk\u00f6ping, Trelleborg. Norway- Fanrem, Flisa.","og_url":"https:\/\/kueen.se\/en\/stores-and-resellers\/","og_site_name":"Kueen.","article_modified_time":"2026-01-16T11:41:46+00:00","og_image":[{"width":2560,"height":2560,"url":"https:\/\/kueen.se\/wp-content\/uploads\/2014\/08\/Sanmarco2.jpg","type":"image\/jpeg"}],"twitter_card":"summary_large_image","twitter_misc":{"Est. reading time":"1 minute"},"schema":{"@context":"https:\/\/schema.org","@graph":[{"@type":"WebPage","@id":"https:\/\/kueen.se\/en\/stores-and-resellers\/","url":"https:\/\/kueen.se\/en\/stores-and-resellers\/","name":"Stores where you can find Kueen.","isPartOf":{"@id":"https:\/\/kueen.se\/#website"},"primaryImageOfPage":{"@id":"https:\/\/kueen.se\/en\/stores-and-resellers\/#primaryimage"},"image":{"@id":"https:\/\/kueen.se\/en\/stores-and-resellers\/#primaryimage"},"thumbnailUrl":"https:\/\/kueen.se\/wp-content\/uploads\/2014\/08\/Sanmarco2.jpg","datePublished":"2026-01-16T11:41:45+00:00","dateModified":"2026-01-16T11:41:46+00:00","description":"Stores where you can find Kueen, Stockholm, Gothenburg, Malm\u00f6, Helsingborg, Falkenberg, Norrk\u00f6ping, Lidk\u00f6ping, Trelleborg. Norway- Fanrem, Flisa.","breadcrumb":{"@id":"https:\/\/kueen.se\/en\/stores-and-resellers\/#breadcrumb"},"inLanguage":"en-US","potentialAction":[{"@type":"ReadAction","target":["https:\/\/kueen.se\/en\/stores-and-resellers\/"]}]},{"@type":"ImageObject","inLanguage":"en-US","@id":"https:\/\/kueen.se\/en\/stores-and-resellers\/#primaryimage","url":"https:\/\/kueen.se\/wp-content\/uploads\/2014\/08\/Sanmarco2.jpg","contentUrl":"https:\/\/kueen.se\/wp-content\/uploads\/2014\/08\/Sanmarco2.jpg","width":2560,"height":2560,"caption":"Scarf San Marco i siden"},{"@type":"BreadcrumbList","@id":"https:\/\/kueen.se\/en\/stores-and-resellers\/#breadcrumb","itemListElement":[{"@type":"ListItem","position":1,"name":"Hem","item":"https:\/\/kueen.se\/"},{"@type":"ListItem","position":2,"name":"Stores and resellers"}]},{"@type":"WebSite","@id":"https:\/\/kueen.se\/#website","url":"https:\/\/kueen.se\/","name":"Kueen.","description":"Be a Kueen","potentialAction":[{"@type":"SearchAction","target":{"@type":"EntryPoint","urlTemplate":"https:\/\/kueen.se\/?s={search_term_string}"},"query-input":{"@type":"PropertyValueSpecification","valueRequired":true,"valueName":"search_term_string"}}],"inLanguage":"en-US"}]}},"_links":{"self":[{"href":"https:\/\/kueen.se\/en\/wp-json\/wp\/v2\/pages\/6705","targetHints":{"allow":["GET"]}}],"collection":[{"href":"https:\/\/kueen.se\/en\/wp-json\/wp\/v2\/pages"}],"about":[{"href":"https:\/\/kueen.se\/en\/wp-json\/wp\/v2\/types\/page"}],"author":[{"embeddable":true,"href":"https:\/\/kueen.se\/en\/wp-json\/wp\/v2\/users\/3"}],"replies":[{"embeddable":true,"href":"https:\/\/kueen.se\/en\/wp-json\/wp\/v2\/comments?post=6705"}],"version-history":[{"count":1,"href":"https:\/\/kueen.se\/en\/wp-json\/wp\/v2\/pages\/6705\/revisions"}],"predecessor-version":[{"id":6706,"href":"https:\/\/kueen.se\/en\/wp-json\/wp\/v2\/pages\/6705\/revisions\/6706"}],"wp:featuredmedia":[{"embeddable":true,"href":"https:\/\/kueen.se\/en\/wp-json\/wp\/v2\/media\/1402"}],"wp:attachment":[{"href":"https:\/\/kueen.se\/en\/wp-json\/wp\/v2\/media?parent=6705"}],"curies":[{"name":"wp","href":"https:\/\/api.w.org\/{rel}","templated":true}]}}