{"id":7094,"date":"2026-02-19T14:23:45","date_gmt":"2026-02-19T13:23:45","guid":{"rendered":"https:\/\/kueen.se\/terms-of-purchase\/"},"modified":"2026-02-19T14:23:45","modified_gmt":"2026-02-19T13:23:45","slug":"terms-of-purchase","status":"publish","type":"page","link":"https:\/\/kueen.se\/en\/terms-of-purchase\/","title":{"rendered":"Terms of purchase"},"content":{"rendered":"<h4 style=\"text-align: center;\">LEVERANSER<\/h4>\n<p style=\"text-align: center;\">Leveranstiden inom Sverige \u00e4r 2-4 arbetsdagar. Om en vara har avvikande leveranstid st\u00e5r det angivet vid respektive vara. Ej h\u00e4mtade varor returneras till oss. F\u00f6r alla paket som inte l\u00f6ses ut f\u00f6rbeh\u00e5ller vi oss r\u00e4tten att debitera dig kostnader f\u00f6r returfrakt.<\/p>\n<hr \/>\n<h4 style=\"text-align: center;\">RETUR<\/h4>\n<p style=\"text-align: center;\">Du \u00e4r varmt v\u00e4lkommen att l\u00e4mna tillbaka din vara kostnadsfritt i Kueens Studio &amp; Showroom, S\u00e4rnmarksgatan 21 i Lidk\u00f6ping. Om du f\u00f6redrar att skicka tillbaka varan med post, st\u00e5r du som kund f\u00f6r returfrakten. Om du vill returnera din best\u00e4llning, v\u00e4nligen meddela oss via e-post inom 14 dagar efter mottagandet <a href=\"mailto:info@kueen.se\">info@kueen.se <\/a>Anv\u00e4nd retursedeln som kom med din s\u00e4ndning. V\u00e4nligen f\u00f6rpacka varan s\u00e4kert i originalf\u00f6rpackningen, inklusive eventuella extra tillbeh\u00f6r om det var med s\u00e5dana (presentask\/dustbag\/designbok).<\/p>\n<p style=\"text-align: center;\">Returkostnaden kommer att dras av fr\u00e5n din \u00e5terbetalning.<span class=\"Apple-converted-space\">\u00a0<\/span><\/p>\n<p style=\"text-align: center;\"><strong>Se returfraktkostnader nedan:<\/strong><\/p>\n<p style=\"text-align: center;\">Sverige: 90 SEK<\/p>\n<p style=\"text-align: center;\">Resten av Norden: 150 SEK<\/p>\n<p style=\"text-align: center;\">Resten av Europa: 250 SEK<span class=\"Apple-converted-space\">\u00a0<\/span><\/p>\n<p style=\"text-align: center;\">Resten av v\u00e4rlden: 300 SEK<\/p>\n<p style=\"text-align: center;\">Observera: Avgiften f\u00f6r returen \u00e5terspeglar de faktiska fraktkostnaderna. Utg\u00e5ende orderleveranser fr\u00e5n v\u00e5r webbplats subventioneras kraftigt eller helt av Kueen. Eventuella tull- och skatteavgifter som anges p\u00e5 din ursprungliga orderbekr\u00e4ftelse \u00e5terbetalas inte.<\/p>\n<hr \/>\n<h4 style=\"text-align: center;\">\u00c5TERBETALNING<\/h4>\n<p style=\"text-align: center;\">N\u00e4r din best\u00e4llning anl\u00e4nder tillbaka till oss kommer den att kvalitetskontrolleras av oss inom 3 arbetsdagar. Efter den har slutf\u00f6rts sker \u00e5terbetalning. V\u00e4nligen r\u00e4kna med mellan 5\u20137 arbetsdagar innan pengarna registreras tillbaka p\u00e5 ditt konto.<\/p>\n<hr \/>\n<h4 style=\"text-align: center;\">BYTE &amp; \u00c5NGERR\u00c4TT<\/h4>\n<p style=\"text-align: center;\">Vill du byta till en annan storlek, design eller modell? Du \u00e4r alltid v\u00e4lkommen att g\u00f6ra ett kostnadsfritt byte i Kueens Studio &amp; Showroom, i Lidk\u00f6ping inom 14 dagar fr\u00e5n leverans, under f\u00f6ruts\u00e4ttning att varan \u00e4r oanv\u00e4nd, i nyskick och i sin originalf\u00f6rpackning. Om du vill byta via post, l\u00e4gger du en ny best\u00e4llning och returnerar den ursprungliga varan.<\/p>\n<p style=\"text-align: center;\">Har du \u00e5ngrat ditt k\u00f6p s\u00e5 har du \u00e5ngerr\u00e4tt under 14 dagar. \u00c5ngerfristen b\u00f6rjar l\u00f6pa den dag du tog emot varan. Du \u00e4r skyldig att h\u00e5lla varan i lika gott skick som n\u00e4r du fick den. Du f\u00e5r inte anv\u00e4nda den, men naturligtvis f\u00f6rsiktigt prova den. Om varan skadas eller kommer bort p\u00e5 grund av att du \u00e4r v\u00e5rdsl\u00f6s f\u00f6rlorar du \u00e5ngerr\u00e4tten.<\/p>\n<p style=\"text-align: center;\">Observera att returfrakten bekostas av dig som kund.<\/p>\n<hr \/>\n<h4 style=\"text-align: center;\">REKLAMATION<\/h4>\n<p style=\"text-align: center;\">Du som konsument har enligt svensk lag m\u00f6jlighet att reklamera en vara i upp till 3 \u00e5r efter k\u00f6pet, dock inom sk\u00e4lig tid fr\u00e5n att felet uppt\u00e4ckts. Reklamationsr\u00e4tten g\u00e4ller fel som kan h\u00e4rledas till sj\u00e4lva produktionen av varan och avser inte normalt slitage eller \u00e5ldrande av en produkt. I enlighet med konsumentr\u00e4tten, och som en del i Kueens h\u00e5llbarhetspolicy, repareras varan i f\u00f6rsta hand om felet bed\u00f6ms som ursprungligt och om \u00f6vriga faktorer \u00e4r uppfyllda. F\u00f6r bed\u00f6mning av b\u00e4sta l\u00f6sning beh\u00f6ver vi foton som underlag samt kvitto p\u00e5 ditt k\u00f6p.<\/p>\n<hr \/>\n<h4 style=\"text-align: center;\">PRIVAT POLICY<\/h4>\n<p style=\"text-align: center;\">N\u00e4r du l\u00e4gger din best\u00e4llning hos Kueen uppger du dina personuppgifter. I samband med din registrering och best\u00e4llning godk\u00e4nner du att vi lagrar och anv\u00e4nder dina uppgifter i v\u00e5r verksamhet f\u00f6r att fullf\u00f6lja avtalet gentemot dig. I och med den nya EU-lagen f\u00f6r skydd av personuppgifter &#8211; GDPR, som tr\u00e4dde i kraft den 25 Maj 2018 f\u00f6rs\u00e4krar vi h\u00e4rmed att dina uppgifter bara anv\u00e4nds av oss och inte s\u00e4ljes eller delas med andra och kommer aldrig att missbrukas. Du har enligt personuppgiftslagen r\u00e4tt att f\u00e5 den information som vi har registrerat om dig. Om den \u00e4r felaktig, ofullst\u00e4ndig eller irrelevant kan du beg\u00e4ra att informationen ska r\u00e4ttas eller tas bort. Kontakta oss i s\u00e5 fall via e-post: info@kueen.se<\/p>\n<p style=\"text-align: center;\">\n","protected":false},"excerpt":{"rendered":"<p>LEVERANSER Leveranstiden inom Sverige \u00e4r 2-4 arbetsdagar. Om en vara har avvikande leveranstid st\u00e5r det angivet vid respektive vara. Ej h\u00e4mtade varor returneras till oss. F\u00f6r alla paket som inte l\u00f6ses ut f\u00f6rbeh\u00e5ller vi oss r\u00e4tten att debitera dig kostnader f\u00f6r returfrakt. RETUR Du \u00e4r varmt v\u00e4lkommen att l\u00e4mna tillbaka din vara kostnadsfritt i Kueens&#8230;<\/p>\n","protected":false},"author":1,"featured_media":0,"parent":0,"menu_order":0,"comment_status":"closed","ping_status":"closed","template":"","meta":{"_acf_changed":false,"footnotes":""},"class_list":["post-7094","page","type-page","status-publish","hentry"],"acf":[],"yoast_head":"<!-- This site is optimized with the Yoast SEO plugin v27.2 - https:\/\/yoast.com\/product\/yoast-seo-wordpress\/ -->\n<title>Terms of purchase - Kueen.<\/title>\n<meta name=\"robots\" content=\"index, follow, max-snippet:-1, max-image-preview:large, max-video-preview:-1\" \/>\n<link rel=\"canonical\" href=\"https:\/\/kueen.se\/en\/terms-of-purchase\/\" \/>\n<meta property=\"og:locale\" content=\"en_US\" \/>\n<meta property=\"og:type\" content=\"article\" \/>\n<meta property=\"og:title\" content=\"Terms of purchase - Kueen.\" \/>\n<meta property=\"og:description\" content=\"LEVERANSER Leveranstiden inom Sverige \u00e4r 2-4 arbetsdagar. Om en vara har avvikande leveranstid st\u00e5r det angivet vid respektive vara. Ej h\u00e4mtade varor returneras till oss. F\u00f6r alla paket som inte l\u00f6ses ut f\u00f6rbeh\u00e5ller vi oss r\u00e4tten att debitera dig kostnader f\u00f6r returfrakt. RETUR Du \u00e4r varmt v\u00e4lkommen att l\u00e4mna tillbaka din vara kostnadsfritt i Kueens...\" \/>\n<meta property=\"og:url\" content=\"https:\/\/kueen.se\/en\/terms-of-purchase\/\" \/>\n<meta property=\"og:site_name\" content=\"Kueen.\" \/>\n<meta name=\"twitter:card\" content=\"summary_large_image\" \/>\n<meta name=\"twitter:label1\" content=\"Est. reading time\" \/>\n\t<meta name=\"twitter:data1\" content=\"3 minutes\" \/>\n<script type=\"application\/ld+json\" class=\"yoast-schema-graph\">{\"@context\":\"https:\/\/schema.org\",\"@graph\":[{\"@type\":\"WebPage\",\"@id\":\"https:\/\/kueen.se\/en\/terms-of-purchase\/\",\"url\":\"https:\/\/kueen.se\/en\/terms-of-purchase\/\",\"name\":\"Terms of purchase - Kueen.\",\"isPartOf\":{\"@id\":\"https:\/\/kueen.se\/#website\"},\"datePublished\":\"2026-02-19T13:23:45+00:00\",\"breadcrumb\":{\"@id\":\"https:\/\/kueen.se\/en\/terms-of-purchase\/#breadcrumb\"},\"inLanguage\":\"en-US\",\"potentialAction\":[{\"@type\":\"ReadAction\",\"target\":[\"https:\/\/kueen.se\/en\/terms-of-purchase\/\"]}]},{\"@type\":\"BreadcrumbList\",\"@id\":\"https:\/\/kueen.se\/en\/terms-of-purchase\/#breadcrumb\",\"itemListElement\":[{\"@type\":\"ListItem\",\"position\":1,\"name\":\"Hem\",\"item\":\"https:\/\/kueen.se\/\"},{\"@type\":\"ListItem\",\"position\":2,\"name\":\"Terms of purchase\"}]},{\"@type\":\"WebSite\",\"@id\":\"https:\/\/kueen.se\/#website\",\"url\":\"https:\/\/kueen.se\/\",\"name\":\"Kueen.\",\"description\":\"Be a Kueen\",\"potentialAction\":[{\"@type\":\"SearchAction\",\"target\":{\"@type\":\"EntryPoint\",\"urlTemplate\":\"https:\/\/kueen.se\/?s={search_term_string}\"},\"query-input\":{\"@type\":\"PropertyValueSpecification\",\"valueRequired\":true,\"valueName\":\"search_term_string\"}}],\"inLanguage\":\"en-US\"}]}<\/script>\n<!-- \/ Yoast SEO plugin. -->","yoast_head_json":{"title":"Terms of purchase - Kueen.","robots":{"index":"index","follow":"follow","max-snippet":"max-snippet:-1","max-image-preview":"max-image-preview:large","max-video-preview":"max-video-preview:-1"},"canonical":"https:\/\/kueen.se\/en\/terms-of-purchase\/","og_locale":"en_US","og_type":"article","og_title":"Terms of purchase - Kueen.","og_description":"LEVERANSER Leveranstiden inom Sverige \u00e4r 2-4 arbetsdagar. Om en vara har avvikande leveranstid st\u00e5r det angivet vid respektive vara. Ej h\u00e4mtade varor returneras till oss. F\u00f6r alla paket som inte l\u00f6ses ut f\u00f6rbeh\u00e5ller vi oss r\u00e4tten att debitera dig kostnader f\u00f6r returfrakt. RETUR Du \u00e4r varmt v\u00e4lkommen att l\u00e4mna tillbaka din vara kostnadsfritt i Kueens...","og_url":"https:\/\/kueen.se\/en\/terms-of-purchase\/","og_site_name":"Kueen.","twitter_card":"summary_large_image","twitter_misc":{"Est. reading time":"3 minutes"},"schema":{"@context":"https:\/\/schema.org","@graph":[{"@type":"WebPage","@id":"https:\/\/kueen.se\/en\/terms-of-purchase\/","url":"https:\/\/kueen.se\/en\/terms-of-purchase\/","name":"Terms of purchase - Kueen.","isPartOf":{"@id":"https:\/\/kueen.se\/#website"},"datePublished":"2026-02-19T13:23:45+00:00","breadcrumb":{"@id":"https:\/\/kueen.se\/en\/terms-of-purchase\/#breadcrumb"},"inLanguage":"en-US","potentialAction":[{"@type":"ReadAction","target":["https:\/\/kueen.se\/en\/terms-of-purchase\/"]}]},{"@type":"BreadcrumbList","@id":"https:\/\/kueen.se\/en\/terms-of-purchase\/#breadcrumb","itemListElement":[{"@type":"ListItem","position":1,"name":"Hem","item":"https:\/\/kueen.se\/"},{"@type":"ListItem","position":2,"name":"Terms of purchase"}]},{"@type":"WebSite","@id":"https:\/\/kueen.se\/#website","url":"https:\/\/kueen.se\/","name":"Kueen.","description":"Be a Kueen","potentialAction":[{"@type":"SearchAction","target":{"@type":"EntryPoint","urlTemplate":"https:\/\/kueen.se\/?s={search_term_string}"},"query-input":{"@type":"PropertyValueSpecification","valueRequired":true,"valueName":"search_term_string"}}],"inLanguage":"en-US"}]}},"_links":{"self":[{"href":"https:\/\/kueen.se\/en\/wp-json\/wp\/v2\/pages\/7094","targetHints":{"allow":["GET"]}}],"collection":[{"href":"https:\/\/kueen.se\/en\/wp-json\/wp\/v2\/pages"}],"about":[{"href":"https:\/\/kueen.se\/en\/wp-json\/wp\/v2\/types\/page"}],"author":[{"embeddable":true,"href":"https:\/\/kueen.se\/en\/wp-json\/wp\/v2\/users\/1"}],"replies":[{"embeddable":true,"href":"https:\/\/kueen.se\/en\/wp-json\/wp\/v2\/comments?post=7094"}],"version-history":[{"count":1,"href":"https:\/\/kueen.se\/en\/wp-json\/wp\/v2\/pages\/7094\/revisions"}],"predecessor-version":[{"id":7095,"href":"https:\/\/kueen.se\/en\/wp-json\/wp\/v2\/pages\/7094\/revisions\/7095"}],"wp:attachment":[{"href":"https:\/\/kueen.se\/en\/wp-json\/wp\/v2\/media?parent=7094"}],"curies":[{"name":"wp","href":"https:\/\/api.w.org\/{rel}","templated":true}]}}