{"id":6902,"date":"2020-11-23T17:35:06","date_gmt":"2020-11-23T16:35:06","guid":{"rendered":"https:\/\/kueen.se\/produkt\/uncategorized\/forgotten-flowers-4\/"},"modified":"2020-11-23T17:35:06","modified_gmt":"2020-11-23T16:35:06","slug":"forgotten-flowers-4","status":"publish","type":"product","link":"https:\/\/kueen.se\/en\/produkt\/scarves\/forgotten-flowers-4\/","title":{"rendered":"Forgotten Flowers"},"content":{"rendered":"<p><span style=\"font-weight: 400;\">Every scarf from Kueen always comes in a unique box. The box can be a nice interior detail or the home of your Kueen scarf. The scarf is made of 100% silk, use a washing machine silk program, wash by hand or dry clean.<\/span><\/p>\n","protected":false},"excerpt":{"rendered":"<p><span style=\"font-weight: 400;\">A castle, a countess, a bygone era. Dreams of love, of the beauty in life and of a completely different world&#8230;<\/span><\/p>\n<p><span style=\"font-weight: 400;\">The patterns from the Castle Collection take their inspiration from L\u00e4ck\u00f6 Castle, which designer Karoline Lenhult has been in love with since childhood. The inspiration for the patterns and designs comes from the castle&#8217;s incomparable ceiling paintings, ornaments, furniture and architecture, but also from thoughts about what it might have been like to live as a woman in another time.<\/span><\/p>\n","protected":false},"featured_media":3163,"comment_status":"closed","ping_status":"closed","template":"","meta":{"_acf_changed":false},"product_brand":[],"product_cat":[142],"product_tag":[],"class_list":{"0":"post-6902","1":"product","2":"type-product","3":"status-publish","4":"has-post-thumbnail","6":"collection-castle-collection","7":"product_size-heavenly-huge-70x240","8":"product_cat-scarves","10":"first","11":"instock","12":"taxable","13":"shipping-taxable","14":"purchasable","15":"product-type-simple"},"acf":[],"yoast_head":"<!-- This site is optimized with the Yoast SEO plugin v27.2 - https:\/\/yoast.com\/product\/yoast-seo-wordpress\/ -->\n<title>Kueen Scarf - Forgotten Flowers Heavenly HUGE 70x240<\/title>\n<meta name=\"description\" content=\"Kueen sidenscarf med m\u00f6nsterinspiration fr\u00e5n L\u00e4ck\u00f6 Slott\" \/>\n<meta name=\"robots\" content=\"index, follow, max-snippet:-1, max-image-preview:large, max-video-preview:-1\" \/>\n<link rel=\"canonical\" href=\"https:\/\/kueen.se\/en\/produkt\/scarves\/forgotten-flowers-4\/\" \/>\n<meta property=\"og:locale\" content=\"en_US\" \/>\n<meta property=\"og:type\" content=\"article\" \/>\n<meta property=\"og:title\" content=\"Kueen Scarf - Forgotten Flowers Heavenly HUGE 70x240\" \/>\n<meta property=\"og:description\" content=\"Kueen sidenscarf med m\u00f6nsterinspiration fr\u00e5n L\u00e4ck\u00f6 Slott\" \/>\n<meta property=\"og:url\" content=\"https:\/\/kueen.se\/en\/produkt\/scarves\/forgotten-flowers-4\/\" \/>\n<meta property=\"og:site_name\" content=\"Kueen.\" \/>\n<meta property=\"og:image\" content=\"https:\/\/kueen.se\/wp-content\/uploads\/2020\/11\/Kueen_Scarf_Heacenly-HUGE-70x240_CASTLE-Collection_Forgotten-Flowers_folded-3.jpg\" \/>\n\t<meta property=\"og:image:width\" content=\"1276\" \/>\n\t<meta property=\"og:image:height\" content=\"1276\" \/>\n\t<meta property=\"og:image:type\" content=\"image\/jpeg\" \/>\n<meta name=\"twitter:card\" content=\"summary_large_image\" \/>\n<script type=\"application\/ld+json\" class=\"yoast-schema-graph\">{\"@context\":\"https:\/\/schema.org\",\"@graph\":[{\"@type\":\"WebPage\",\"@id\":\"https:\/\/kueen.se\/en\/produkt\/scarves\/forgotten-flowers-4\/\",\"url\":\"https:\/\/kueen.se\/en\/produkt\/scarves\/forgotten-flowers-4\/\",\"name\":\"Kueen Scarf - Forgotten Flowers Heavenly HUGE 70x240\",\"isPartOf\":{\"@id\":\"https:\/\/kueen.se\/#website\"},\"primaryImageOfPage\":{\"@id\":\"https:\/\/kueen.se\/en\/produkt\/scarves\/forgotten-flowers-4\/#primaryimage\"},\"image\":{\"@id\":\"https:\/\/kueen.se\/en\/produkt\/scarves\/forgotten-flowers-4\/#primaryimage\"},\"thumbnailUrl\":\"https:\/\/kueen.se\/wp-content\/uploads\/2020\/11\/Kueen_Scarf_Heacenly-HUGE-70x240_CASTLE-Collection_Forgotten-Flowers_folded-3.jpg\",\"datePublished\":\"2020-11-23T16:35:06+00:00\",\"description\":\"Kueen sidenscarf med m\u00f6nsterinspiration fr\u00e5n L\u00e4ck\u00f6 Slott\",\"breadcrumb\":{\"@id\":\"https:\/\/kueen.se\/en\/produkt\/scarves\/forgotten-flowers-4\/#breadcrumb\"},\"inLanguage\":\"en-US\",\"potentialAction\":[{\"@type\":\"ReadAction\",\"target\":[\"https:\/\/kueen.se\/en\/produkt\/scarves\/forgotten-flowers-4\/\"]}]},{\"@type\":\"ImageObject\",\"inLanguage\":\"en-US\",\"@id\":\"https:\/\/kueen.se\/en\/produkt\/scarves\/forgotten-flowers-4\/#primaryimage\",\"url\":\"https:\/\/kueen.se\/wp-content\/uploads\/2020\/11\/Kueen_Scarf_Heacenly-HUGE-70x240_CASTLE-Collection_Forgotten-Flowers_folded-3.jpg\",\"contentUrl\":\"https:\/\/kueen.se\/wp-content\/uploads\/2020\/11\/Kueen_Scarf_Heacenly-HUGE-70x240_CASTLE-Collection_Forgotten-Flowers_folded-3.jpg\",\"width\":1276,\"height\":1276},{\"@type\":\"BreadcrumbList\",\"@id\":\"https:\/\/kueen.se\/en\/produkt\/scarves\/forgotten-flowers-4\/#breadcrumb\",\"itemListElement\":[{\"@type\":\"ListItem\",\"position\":1,\"name\":\"Hem\",\"item\":\"https:\/\/kueen.se\/\"},{\"@type\":\"ListItem\",\"position\":2,\"name\":\"Produkter\",\"item\":\"https:\/\/kueen.se\/butik\/\"},{\"@type\":\"ListItem\",\"position\":3,\"name\":\"Forgotten Flowers\"}]},{\"@type\":\"WebSite\",\"@id\":\"https:\/\/kueen.se\/#website\",\"url\":\"https:\/\/kueen.se\/\",\"name\":\"Kueen.\",\"description\":\"Be a Kueen\",\"potentialAction\":[{\"@type\":\"SearchAction\",\"target\":{\"@type\":\"EntryPoint\",\"urlTemplate\":\"https:\/\/kueen.se\/?s={search_term_string}\"},\"query-input\":{\"@type\":\"PropertyValueSpecification\",\"valueRequired\":true,\"valueName\":\"search_term_string\"}}],\"inLanguage\":\"en-US\"}]}<\/script>\n<!-- \/ Yoast SEO plugin. -->","yoast_head_json":{"title":"Kueen Scarf - Forgotten Flowers Heavenly HUGE 70x240","description":"Kueen sidenscarf med m\u00f6nsterinspiration fr\u00e5n L\u00e4ck\u00f6 Slott","robots":{"index":"index","follow":"follow","max-snippet":"max-snippet:-1","max-image-preview":"max-image-preview:large","max-video-preview":"max-video-preview:-1"},"canonical":"https:\/\/kueen.se\/en\/produkt\/scarves\/forgotten-flowers-4\/","og_locale":"en_US","og_type":"article","og_title":"Kueen Scarf - Forgotten Flowers Heavenly HUGE 70x240","og_description":"Kueen sidenscarf med m\u00f6nsterinspiration fr\u00e5n L\u00e4ck\u00f6 Slott","og_url":"https:\/\/kueen.se\/en\/produkt\/scarves\/forgotten-flowers-4\/","og_site_name":"Kueen.","og_image":[{"width":1276,"height":1276,"url":"https:\/\/kueen.se\/wp-content\/uploads\/2020\/11\/Kueen_Scarf_Heacenly-HUGE-70x240_CASTLE-Collection_Forgotten-Flowers_folded-3.jpg","type":"image\/jpeg"}],"twitter_card":"summary_large_image","schema":{"@context":"https:\/\/schema.org","@graph":[{"@type":"WebPage","@id":"https:\/\/kueen.se\/en\/produkt\/scarves\/forgotten-flowers-4\/","url":"https:\/\/kueen.se\/en\/produkt\/scarves\/forgotten-flowers-4\/","name":"Kueen Scarf - Forgotten Flowers Heavenly HUGE 70x240","isPartOf":{"@id":"https:\/\/kueen.se\/#website"},"primaryImageOfPage":{"@id":"https:\/\/kueen.se\/en\/produkt\/scarves\/forgotten-flowers-4\/#primaryimage"},"image":{"@id":"https:\/\/kueen.se\/en\/produkt\/scarves\/forgotten-flowers-4\/#primaryimage"},"thumbnailUrl":"https:\/\/kueen.se\/wp-content\/uploads\/2020\/11\/Kueen_Scarf_Heacenly-HUGE-70x240_CASTLE-Collection_Forgotten-Flowers_folded-3.jpg","datePublished":"2020-11-23T16:35:06+00:00","description":"Kueen sidenscarf med m\u00f6nsterinspiration fr\u00e5n L\u00e4ck\u00f6 Slott","breadcrumb":{"@id":"https:\/\/kueen.se\/en\/produkt\/scarves\/forgotten-flowers-4\/#breadcrumb"},"inLanguage":"en-US","potentialAction":[{"@type":"ReadAction","target":["https:\/\/kueen.se\/en\/produkt\/scarves\/forgotten-flowers-4\/"]}]},{"@type":"ImageObject","inLanguage":"en-US","@id":"https:\/\/kueen.se\/en\/produkt\/scarves\/forgotten-flowers-4\/#primaryimage","url":"https:\/\/kueen.se\/wp-content\/uploads\/2020\/11\/Kueen_Scarf_Heacenly-HUGE-70x240_CASTLE-Collection_Forgotten-Flowers_folded-3.jpg","contentUrl":"https:\/\/kueen.se\/wp-content\/uploads\/2020\/11\/Kueen_Scarf_Heacenly-HUGE-70x240_CASTLE-Collection_Forgotten-Flowers_folded-3.jpg","width":1276,"height":1276},{"@type":"BreadcrumbList","@id":"https:\/\/kueen.se\/en\/produkt\/scarves\/forgotten-flowers-4\/#breadcrumb","itemListElement":[{"@type":"ListItem","position":1,"name":"Hem","item":"https:\/\/kueen.se\/"},{"@type":"ListItem","position":2,"name":"Produkter","item":"https:\/\/kueen.se\/butik\/"},{"@type":"ListItem","position":3,"name":"Forgotten Flowers"}]},{"@type":"WebSite","@id":"https:\/\/kueen.se\/#website","url":"https:\/\/kueen.se\/","name":"Kueen.","description":"Be a Kueen","potentialAction":[{"@type":"SearchAction","target":{"@type":"EntryPoint","urlTemplate":"https:\/\/kueen.se\/?s={search_term_string}"},"query-input":{"@type":"PropertyValueSpecification","valueRequired":true,"valueName":"search_term_string"}}],"inLanguage":"en-US"}]}},"_links":{"self":[{"href":"https:\/\/kueen.se\/en\/wp-json\/wp\/v2\/product\/6902","targetHints":{"allow":["GET"]}}],"collection":[{"href":"https:\/\/kueen.se\/en\/wp-json\/wp\/v2\/product"}],"about":[{"href":"https:\/\/kueen.se\/en\/wp-json\/wp\/v2\/types\/product"}],"replies":[{"embeddable":true,"href":"https:\/\/kueen.se\/en\/wp-json\/wp\/v2\/comments?post=6902"}],"wp:featuredmedia":[{"embeddable":true,"href":"https:\/\/kueen.se\/en\/wp-json\/wp\/v2\/media\/3163"}],"wp:attachment":[{"href":"https:\/\/kueen.se\/en\/wp-json\/wp\/v2\/media?parent=6902"}],"wp:term":[{"taxonomy":"product_brand","embeddable":true,"href":"https:\/\/kueen.se\/en\/wp-json\/wp\/v2\/product_brand?post=6902"},{"taxonomy":"product_cat","embeddable":true,"href":"https:\/\/kueen.se\/en\/wp-json\/wp\/v2\/product_cat?post=6902"},{"taxonomy":"product_tag","embeddable":true,"href":"https:\/\/kueen.se\/en\/wp-json\/wp\/v2\/product_tag?post=6902"}],"curies":[{"name":"wp","href":"https:\/\/api.w.org\/{rel}","templated":true}]}}