{"id":6904,"date":"2023-02-10T15:41:50","date_gmt":"2023-02-10T14:41:50","guid":{"rendered":"https:\/\/kueen.se\/produkt\/uncategorized\/obi-belt\/"},"modified":"2023-02-10T15:41:50","modified_gmt":"2023-02-10T14:41:50","slug":"obi-belt","status":"publish","type":"product","link":"https:\/\/kueen.se\/en\/produkt\/obi-belt\/obi-belt\/","title":{"rendered":"Obi Belt"},"content":{"rendered":"","protected":false},"excerpt":{"rendered":"<p>V\u00e4ndbart b\u00e4lte med m\u00f6nstret Forgotten Flowers.<\/p>\n","protected":false},"featured_media":4613,"comment_status":"closed","ping_status":"closed","template":"","meta":{"_acf_changed":false},"product_brand":[],"product_cat":[129],"product_tag":[],"class_list":{"0":"post-6904","1":"product","2":"type-product","3":"status-publish","4":"has-post-thumbnail","6":"collection-castle-collection","7":"product_cat-obi-belt","9":"first","10":"instock","11":"featured","12":"taxable","13":"shipping-taxable","14":"purchasable","15":"product-type-simple"},"acf":[],"yoast_head":"<!-- This site is optimized with the Yoast SEO plugin v27.2 - https:\/\/yoast.com\/product\/yoast-seo-wordpress\/ -->\n<title>Obi Belt - Kueen.<\/title>\n<meta name=\"robots\" content=\"index, follow, max-snippet:-1, max-image-preview:large, max-video-preview:-1\" \/>\n<link rel=\"canonical\" href=\"https:\/\/kueen.se\/en\/produkt\/uncategorized\/obi-belt\/\" \/>\n<meta property=\"og:locale\" content=\"en_US\" \/>\n<meta property=\"og:type\" content=\"article\" \/>\n<meta property=\"og:title\" content=\"Obi Belt - Kueen.\" \/>\n<meta property=\"og:description\" content=\"V\u00e4ndbart b\u00e4lte med m\u00f6nstret Forgotten Flowers.\" \/>\n<meta property=\"og:url\" content=\"https:\/\/kueen.se\/en\/produkt\/uncategorized\/obi-belt\/\" \/>\n<meta property=\"og:site_name\" content=\"Kueen.\" \/>\n<meta property=\"og:image\" content=\"https:\/\/kueen.se\/wp-content\/uploads\/2023\/02\/Kueen_Castle-collection_Obi_Forgotten-Flowers_RedWine-2-1-scaled.jpg\" \/>\n\t<meta property=\"og:image:width\" content=\"2560\" \/>\n\t<meta property=\"og:image:height\" content=\"2560\" \/>\n\t<meta property=\"og:image:type\" content=\"image\/jpeg\" \/>\n<meta name=\"twitter:card\" content=\"summary_large_image\" \/>\n<script type=\"application\/ld+json\" class=\"yoast-schema-graph\">{\"@context\":\"https:\/\/schema.org\",\"@graph\":[{\"@type\":\"WebPage\",\"@id\":\"https:\/\/kueen.se\/en\/produkt\/uncategorized\/obi-belt\/\",\"url\":\"https:\/\/kueen.se\/en\/produkt\/uncategorized\/obi-belt\/\",\"name\":\"Obi Belt - Kueen.\",\"isPartOf\":{\"@id\":\"https:\/\/kueen.se\/#website\"},\"primaryImageOfPage\":{\"@id\":\"https:\/\/kueen.se\/en\/produkt\/uncategorized\/obi-belt\/#primaryimage\"},\"image\":{\"@id\":\"https:\/\/kueen.se\/en\/produkt\/uncategorized\/obi-belt\/#primaryimage\"},\"thumbnailUrl\":\"https:\/\/kueen.se\/wp-content\/uploads\/2023\/02\/Kueen_Castle-collection_Obi_Forgotten-Flowers_RedWine-2-1-scaled.jpg\",\"datePublished\":\"2023-02-10T14:41:50+00:00\",\"breadcrumb\":{\"@id\":\"https:\/\/kueen.se\/en\/produkt\/uncategorized\/obi-belt\/#breadcrumb\"},\"inLanguage\":\"en-US\",\"potentialAction\":[{\"@type\":\"ReadAction\",\"target\":[\"https:\/\/kueen.se\/en\/produkt\/uncategorized\/obi-belt\/\"]}]},{\"@type\":\"ImageObject\",\"inLanguage\":\"en-US\",\"@id\":\"https:\/\/kueen.se\/en\/produkt\/uncategorized\/obi-belt\/#primaryimage\",\"url\":\"https:\/\/kueen.se\/wp-content\/uploads\/2023\/02\/Kueen_Castle-collection_Obi_Forgotten-Flowers_RedWine-2-1-scaled.jpg\",\"contentUrl\":\"https:\/\/kueen.se\/wp-content\/uploads\/2023\/02\/Kueen_Castle-collection_Obi_Forgotten-Flowers_RedWine-2-1-scaled.jpg\",\"width\":2560,\"height\":2560},{\"@type\":\"BreadcrumbList\",\"@id\":\"https:\/\/kueen.se\/en\/produkt\/uncategorized\/obi-belt\/#breadcrumb\",\"itemListElement\":[{\"@type\":\"ListItem\",\"position\":1,\"name\":\"Hem\",\"item\":\"https:\/\/kueen.se\/\"},{\"@type\":\"ListItem\",\"position\":2,\"name\":\"Produkter\",\"item\":\"https:\/\/kueen.se\/butik\/\"},{\"@type\":\"ListItem\",\"position\":3,\"name\":\"Obi Belt\"}]},{\"@type\":\"WebSite\",\"@id\":\"https:\/\/kueen.se\/#website\",\"url\":\"https:\/\/kueen.se\/\",\"name\":\"Kueen.\",\"description\":\"Be a Kueen\",\"potentialAction\":[{\"@type\":\"SearchAction\",\"target\":{\"@type\":\"EntryPoint\",\"urlTemplate\":\"https:\/\/kueen.se\/?s={search_term_string}\"},\"query-input\":{\"@type\":\"PropertyValueSpecification\",\"valueRequired\":true,\"valueName\":\"search_term_string\"}}],\"inLanguage\":\"en-US\"}]}<\/script>\n<!-- \/ Yoast SEO plugin. -->","yoast_head_json":{"title":"Obi Belt - Kueen.","robots":{"index":"index","follow":"follow","max-snippet":"max-snippet:-1","max-image-preview":"max-image-preview:large","max-video-preview":"max-video-preview:-1"},"canonical":"https:\/\/kueen.se\/en\/produkt\/uncategorized\/obi-belt\/","og_locale":"en_US","og_type":"article","og_title":"Obi Belt - Kueen.","og_description":"V\u00e4ndbart b\u00e4lte med m\u00f6nstret Forgotten Flowers.","og_url":"https:\/\/kueen.se\/en\/produkt\/uncategorized\/obi-belt\/","og_site_name":"Kueen.","og_image":[{"width":2560,"height":2560,"url":"https:\/\/kueen.se\/wp-content\/uploads\/2023\/02\/Kueen_Castle-collection_Obi_Forgotten-Flowers_RedWine-2-1-scaled.jpg","type":"image\/jpeg"}],"twitter_card":"summary_large_image","schema":{"@context":"https:\/\/schema.org","@graph":[{"@type":"WebPage","@id":"https:\/\/kueen.se\/en\/produkt\/uncategorized\/obi-belt\/","url":"https:\/\/kueen.se\/en\/produkt\/uncategorized\/obi-belt\/","name":"Obi Belt - Kueen.","isPartOf":{"@id":"https:\/\/kueen.se\/#website"},"primaryImageOfPage":{"@id":"https:\/\/kueen.se\/en\/produkt\/uncategorized\/obi-belt\/#primaryimage"},"image":{"@id":"https:\/\/kueen.se\/en\/produkt\/uncategorized\/obi-belt\/#primaryimage"},"thumbnailUrl":"https:\/\/kueen.se\/wp-content\/uploads\/2023\/02\/Kueen_Castle-collection_Obi_Forgotten-Flowers_RedWine-2-1-scaled.jpg","datePublished":"2023-02-10T14:41:50+00:00","breadcrumb":{"@id":"https:\/\/kueen.se\/en\/produkt\/uncategorized\/obi-belt\/#breadcrumb"},"inLanguage":"en-US","potentialAction":[{"@type":"ReadAction","target":["https:\/\/kueen.se\/en\/produkt\/uncategorized\/obi-belt\/"]}]},{"@type":"ImageObject","inLanguage":"en-US","@id":"https:\/\/kueen.se\/en\/produkt\/uncategorized\/obi-belt\/#primaryimage","url":"https:\/\/kueen.se\/wp-content\/uploads\/2023\/02\/Kueen_Castle-collection_Obi_Forgotten-Flowers_RedWine-2-1-scaled.jpg","contentUrl":"https:\/\/kueen.se\/wp-content\/uploads\/2023\/02\/Kueen_Castle-collection_Obi_Forgotten-Flowers_RedWine-2-1-scaled.jpg","width":2560,"height":2560},{"@type":"BreadcrumbList","@id":"https:\/\/kueen.se\/en\/produkt\/uncategorized\/obi-belt\/#breadcrumb","itemListElement":[{"@type":"ListItem","position":1,"name":"Hem","item":"https:\/\/kueen.se\/"},{"@type":"ListItem","position":2,"name":"Produkter","item":"https:\/\/kueen.se\/butik\/"},{"@type":"ListItem","position":3,"name":"Obi Belt"}]},{"@type":"WebSite","@id":"https:\/\/kueen.se\/#website","url":"https:\/\/kueen.se\/","name":"Kueen.","description":"Be a Kueen","potentialAction":[{"@type":"SearchAction","target":{"@type":"EntryPoint","urlTemplate":"https:\/\/kueen.se\/?s={search_term_string}"},"query-input":{"@type":"PropertyValueSpecification","valueRequired":true,"valueName":"search_term_string"}}],"inLanguage":"en-US"}]}},"_links":{"self":[{"href":"https:\/\/kueen.se\/en\/wp-json\/wp\/v2\/product\/6904","targetHints":{"allow":["GET"]}}],"collection":[{"href":"https:\/\/kueen.se\/en\/wp-json\/wp\/v2\/product"}],"about":[{"href":"https:\/\/kueen.se\/en\/wp-json\/wp\/v2\/types\/product"}],"replies":[{"embeddable":true,"href":"https:\/\/kueen.se\/en\/wp-json\/wp\/v2\/comments?post=6904"}],"wp:featuredmedia":[{"embeddable":true,"href":"https:\/\/kueen.se\/en\/wp-json\/wp\/v2\/media\/4613"}],"wp:attachment":[{"href":"https:\/\/kueen.se\/en\/wp-json\/wp\/v2\/media?parent=6904"}],"wp:term":[{"taxonomy":"product_brand","embeddable":true,"href":"https:\/\/kueen.se\/en\/wp-json\/wp\/v2\/product_brand?post=6904"},{"taxonomy":"product_cat","embeddable":true,"href":"https:\/\/kueen.se\/en\/wp-json\/wp\/v2\/product_cat?post=6904"},{"taxonomy":"product_tag","embeddable":true,"href":"https:\/\/kueen.se\/en\/wp-json\/wp\/v2\/product_tag?post=6904"}],"curies":[{"name":"wp","href":"https:\/\/api.w.org\/{rel}","templated":true}]}}