{"id":7016,"date":"2014-08-06T09:02:22","date_gmt":"2014-08-06T07:02:22","guid":{"rendered":"https:\/\/kueen.se\/produkt\/uncategorized\/san-marco\/"},"modified":"2014-08-06T09:02:22","modified_gmt":"2014-08-06T07:02:22","slug":"san-marco","status":"publish","type":"product","link":"https:\/\/kueen.se\/en\/produkt\/scarves\/san-marco\/","title":{"rendered":"San Marco"},"content":{"rendered":"<p><span style=\"font-weight: 400;\">Every scarf from Kueen always comes in a unique box. The box can be a nice interior detail or the home of your Kueen scarf. The scarf is made of 100% silk, use a washing machine silk program, wash by hand or dry clean.<\/span><\/p>\n","protected":false},"excerpt":{"rendered":"<p><span style=\"font-weight: 400;\">Basilica di San Marco is a paradise for pattern lovers. Incomparable mosaic patterns are crowded on the floor and ceiling, and out in the piazza there are just as many pigeons&#8230;<\/span><\/p>\n","protected":false},"featured_media":5522,"comment_status":"closed","ping_status":"closed","template":"","meta":{"_acf_changed":false},"product_brand":[],"product_cat":[142],"product_tag":[],"class_list":{"0":"post-7016","1":"product","2":"type-product","3":"status-publish","4":"has-post-thumbnail","6":"collection-venezia","7":"product_size-beautifully-big-120x120","8":"product_cat-scarves","10":"first","11":"instock","12":"featured","13":"taxable","14":"shipping-taxable","15":"purchasable","16":"product-type-simple"},"acf":[],"yoast_head":"<!-- This site is optimized with the Yoast SEO plugin v27.2 - https:\/\/yoast.com\/product\/yoast-seo-wordpress\/ -->\n<title>San Marco - Kueen<\/title>\n<meta name=\"description\" content=\"San Marco - Kueen. Basilica di San Marco \u00e4r rena paradiset f\u00f6r en m\u00f6nster\u00e4lskare, mosaiken \u00e4r makal\u00f6s, och ute p\u00e5 piazzan tr\u00e4ngs turisterna med duvorna.\" \/>\n<meta name=\"robots\" content=\"index, follow, max-snippet:-1, max-image-preview:large, max-video-preview:-1\" \/>\n<link rel=\"canonical\" href=\"https:\/\/kueen.se\/en\/produkt\/scarves\/san-marco\/\" \/>\n<meta property=\"og:locale\" content=\"en_US\" \/>\n<meta property=\"og:type\" content=\"article\" \/>\n<meta property=\"og:title\" content=\"San Marco - Kueen\" \/>\n<meta property=\"og:description\" content=\"San Marco - Kueen. Basilica di San Marco \u00e4r rena paradiset f\u00f6r en m\u00f6nster\u00e4lskare, mosaiken \u00e4r makal\u00f6s, och ute p\u00e5 piazzan tr\u00e4ngs turisterna med duvorna.\" \/>\n<meta property=\"og:url\" content=\"https:\/\/kueen.se\/en\/produkt\/scarves\/san-marco\/\" \/>\n<meta property=\"og:site_name\" content=\"Kueen.\" \/>\n<meta property=\"og:image\" content=\"https:\/\/kueen.se\/wp-content\/uploads\/2014\/08\/Kueen_Scarf_San-Marco_125X125-1024x1024.jpg\" \/>\n\t<meta property=\"og:image:width\" content=\"1024\" \/>\n\t<meta property=\"og:image:height\" content=\"1024\" \/>\n\t<meta property=\"og:image:type\" content=\"image\/jpeg\" \/>\n<meta name=\"twitter:card\" content=\"summary_large_image\" \/>\n<script type=\"application\/ld+json\" class=\"yoast-schema-graph\">{\"@context\":\"https:\/\/schema.org\",\"@graph\":[{\"@type\":\"WebPage\",\"@id\":\"https:\/\/kueen.se\/en\/produkt\/scarves\/san-marco\/\",\"url\":\"https:\/\/kueen.se\/en\/produkt\/scarves\/san-marco\/\",\"name\":\"San Marco - Kueen\",\"isPartOf\":{\"@id\":\"https:\/\/kueen.se\/#website\"},\"primaryImageOfPage\":{\"@id\":\"https:\/\/kueen.se\/en\/produkt\/scarves\/san-marco\/#primaryimage\"},\"image\":{\"@id\":\"https:\/\/kueen.se\/en\/produkt\/scarves\/san-marco\/#primaryimage\"},\"thumbnailUrl\":\"https:\/\/kueen.se\/wp-content\/uploads\/2014\/08\/Kueen_Scarf_San-Marco_125X125-scaled.jpg\",\"datePublished\":\"2014-08-06T07:02:22+00:00\",\"description\":\"San Marco - Kueen. Basilica di San Marco \u00e4r rena paradiset f\u00f6r en m\u00f6nster\u00e4lskare, mosaiken \u00e4r makal\u00f6s, och ute p\u00e5 piazzan tr\u00e4ngs turisterna med duvorna.\",\"breadcrumb\":{\"@id\":\"https:\/\/kueen.se\/en\/produkt\/scarves\/san-marco\/#breadcrumb\"},\"inLanguage\":\"en-US\",\"potentialAction\":[{\"@type\":\"ReadAction\",\"target\":[\"https:\/\/kueen.se\/en\/produkt\/scarves\/san-marco\/\"]}]},{\"@type\":\"ImageObject\",\"inLanguage\":\"en-US\",\"@id\":\"https:\/\/kueen.se\/en\/produkt\/scarves\/san-marco\/#primaryimage\",\"url\":\"https:\/\/kueen.se\/wp-content\/uploads\/2014\/08\/Kueen_Scarf_San-Marco_125X125-scaled.jpg\",\"contentUrl\":\"https:\/\/kueen.se\/wp-content\/uploads\/2014\/08\/Kueen_Scarf_San-Marco_125X125-scaled.jpg\",\"width\":2560,\"height\":2560},{\"@type\":\"BreadcrumbList\",\"@id\":\"https:\/\/kueen.se\/en\/produkt\/scarves\/san-marco\/#breadcrumb\",\"itemListElement\":[{\"@type\":\"ListItem\",\"position\":1,\"name\":\"Hem\",\"item\":\"https:\/\/kueen.se\/\"},{\"@type\":\"ListItem\",\"position\":2,\"name\":\"Produkter\",\"item\":\"https:\/\/kueen.se\/butik\/\"},{\"@type\":\"ListItem\",\"position\":3,\"name\":\"San Marco\"}]},{\"@type\":\"WebSite\",\"@id\":\"https:\/\/kueen.se\/#website\",\"url\":\"https:\/\/kueen.se\/\",\"name\":\"Kueen.\",\"description\":\"Be a Kueen\",\"potentialAction\":[{\"@type\":\"SearchAction\",\"target\":{\"@type\":\"EntryPoint\",\"urlTemplate\":\"https:\/\/kueen.se\/?s={search_term_string}\"},\"query-input\":{\"@type\":\"PropertyValueSpecification\",\"valueRequired\":true,\"valueName\":\"search_term_string\"}}],\"inLanguage\":\"en-US\"}]}<\/script>\n<!-- \/ Yoast SEO plugin. -->","yoast_head_json":{"title":"San Marco - Kueen","description":"San Marco - Kueen. Basilica di San Marco \u00e4r rena paradiset f\u00f6r en m\u00f6nster\u00e4lskare, mosaiken \u00e4r makal\u00f6s, och ute p\u00e5 piazzan tr\u00e4ngs turisterna med duvorna.","robots":{"index":"index","follow":"follow","max-snippet":"max-snippet:-1","max-image-preview":"max-image-preview:large","max-video-preview":"max-video-preview:-1"},"canonical":"https:\/\/kueen.se\/en\/produkt\/scarves\/san-marco\/","og_locale":"en_US","og_type":"article","og_title":"San Marco - Kueen","og_description":"San Marco - Kueen. Basilica di San Marco \u00e4r rena paradiset f\u00f6r en m\u00f6nster\u00e4lskare, mosaiken \u00e4r makal\u00f6s, och ute p\u00e5 piazzan tr\u00e4ngs turisterna med duvorna.","og_url":"https:\/\/kueen.se\/en\/produkt\/scarves\/san-marco\/","og_site_name":"Kueen.","og_image":[{"width":1024,"height":1024,"url":"https:\/\/kueen.se\/wp-content\/uploads\/2014\/08\/Kueen_Scarf_San-Marco_125X125-1024x1024.jpg","type":"image\/jpeg"}],"twitter_card":"summary_large_image","schema":{"@context":"https:\/\/schema.org","@graph":[{"@type":"WebPage","@id":"https:\/\/kueen.se\/en\/produkt\/scarves\/san-marco\/","url":"https:\/\/kueen.se\/en\/produkt\/scarves\/san-marco\/","name":"San Marco - Kueen","isPartOf":{"@id":"https:\/\/kueen.se\/#website"},"primaryImageOfPage":{"@id":"https:\/\/kueen.se\/en\/produkt\/scarves\/san-marco\/#primaryimage"},"image":{"@id":"https:\/\/kueen.se\/en\/produkt\/scarves\/san-marco\/#primaryimage"},"thumbnailUrl":"https:\/\/kueen.se\/wp-content\/uploads\/2014\/08\/Kueen_Scarf_San-Marco_125X125-scaled.jpg","datePublished":"2014-08-06T07:02:22+00:00","description":"San Marco - Kueen. Basilica di San Marco \u00e4r rena paradiset f\u00f6r en m\u00f6nster\u00e4lskare, mosaiken \u00e4r makal\u00f6s, och ute p\u00e5 piazzan tr\u00e4ngs turisterna med duvorna.","breadcrumb":{"@id":"https:\/\/kueen.se\/en\/produkt\/scarves\/san-marco\/#breadcrumb"},"inLanguage":"en-US","potentialAction":[{"@type":"ReadAction","target":["https:\/\/kueen.se\/en\/produkt\/scarves\/san-marco\/"]}]},{"@type":"ImageObject","inLanguage":"en-US","@id":"https:\/\/kueen.se\/en\/produkt\/scarves\/san-marco\/#primaryimage","url":"https:\/\/kueen.se\/wp-content\/uploads\/2014\/08\/Kueen_Scarf_San-Marco_125X125-scaled.jpg","contentUrl":"https:\/\/kueen.se\/wp-content\/uploads\/2014\/08\/Kueen_Scarf_San-Marco_125X125-scaled.jpg","width":2560,"height":2560},{"@type":"BreadcrumbList","@id":"https:\/\/kueen.se\/en\/produkt\/scarves\/san-marco\/#breadcrumb","itemListElement":[{"@type":"ListItem","position":1,"name":"Hem","item":"https:\/\/kueen.se\/"},{"@type":"ListItem","position":2,"name":"Produkter","item":"https:\/\/kueen.se\/butik\/"},{"@type":"ListItem","position":3,"name":"San Marco"}]},{"@type":"WebSite","@id":"https:\/\/kueen.se\/#website","url":"https:\/\/kueen.se\/","name":"Kueen.","description":"Be a Kueen","potentialAction":[{"@type":"SearchAction","target":{"@type":"EntryPoint","urlTemplate":"https:\/\/kueen.se\/?s={search_term_string}"},"query-input":{"@type":"PropertyValueSpecification","valueRequired":true,"valueName":"search_term_string"}}],"inLanguage":"en-US"}]}},"_links":{"self":[{"href":"https:\/\/kueen.se\/en\/wp-json\/wp\/v2\/product\/7016","targetHints":{"allow":["GET"]}}],"collection":[{"href":"https:\/\/kueen.se\/en\/wp-json\/wp\/v2\/product"}],"about":[{"href":"https:\/\/kueen.se\/en\/wp-json\/wp\/v2\/types\/product"}],"replies":[{"embeddable":true,"href":"https:\/\/kueen.se\/en\/wp-json\/wp\/v2\/comments?post=7016"}],"wp:featuredmedia":[{"embeddable":true,"href":"https:\/\/kueen.se\/en\/wp-json\/wp\/v2\/media\/5522"}],"wp:attachment":[{"href":"https:\/\/kueen.se\/en\/wp-json\/wp\/v2\/media?parent=7016"}],"wp:term":[{"taxonomy":"product_brand","embeddable":true,"href":"https:\/\/kueen.se\/en\/wp-json\/wp\/v2\/product_brand?post=7016"},{"taxonomy":"product_cat","embeddable":true,"href":"https:\/\/kueen.se\/en\/wp-json\/wp\/v2\/product_cat?post=7016"},{"taxonomy":"product_tag","embeddable":true,"href":"https:\/\/kueen.se\/en\/wp-json\/wp\/v2\/product_tag?post=7016"}],"curies":[{"name":"wp","href":"https:\/\/api.w.org\/{rel}","templated":true}]}}